{"id":7,"date":"2017-08-07T19:52:25","date_gmt":"2017-08-07T17:52:25","guid":{"rendered":"http:\/\/atkana.com\/?page_id=7"},"modified":"2017-08-08T00:22:28","modified_gmt":"2017-08-07T22:22:28","slug":"accueil","status":"publish","type":"page","link":"https:\/\/atkana.com\/","title":{"rendered":"Accueil"},"content":{"rendered":"<p style=\"text-align: center;\">Vous avez des projets? Nous les concr\u00e9tisons!<\/p>\n<p style=\"text-align: center;\">Conseils strat\u00e9giques, d\u00e9veloppement d&#8217;applications Web et mobiles, consultance IT,&#8230; Nos experts sont mis \u00e0 votre enti\u00e8re disposition.<\/p>\n","protected":false},"excerpt":{"rendered":"<p>Vous avez des projets? Nous les concr\u00e9tisons! Conseils strat\u00e9giques, d\u00e9veloppement d&#8217;applications Web et mobiles, consultance IT,&#8230; Nos experts sont mis \u00e0 votre enti\u00e8re disposition.<\/p>\n","protected":false},"author":1,"featured_media":0,"parent":0,"menu_order":0,"comment_status":"closed","ping_status":"closed","template":"","meta":{"footnotes":""},"_links":{"self":[{"href":"https:\/\/atkana.com\/index.php\/wp-json\/wp\/v2\/pages\/7"}],"collection":[{"href":"https:\/\/atkana.com\/index.php\/wp-json\/wp\/v2\/pages"}],"about":[{"href":"https:\/\/atkana.com\/index.php\/wp-json\/wp\/v2\/types\/page"}],"author":[{"embeddable":true,"href":"https:\/\/atkana.com\/index.php\/wp-json\/wp\/v2\/users\/1"}],"replies":[{"embeddable":true,"href":"https:\/\/atkana.com\/index.php\/wp-json\/wp\/v2\/comments?post=7"}],"version-history":[{"count":3,"href":"https:\/\/atkana.com\/index.php\/wp-json\/wp\/v2\/pages\/7\/revisions"}],"predecessor-version":[{"id":49,"href":"https:\/\/atkana.com\/index.php\/wp-json\/wp\/v2\/pages\/7\/revisions\/49"}],"wp:attachment":[{"href":"https:\/\/atkana.com\/index.php\/wp-json\/wp\/v2\/media?parent=7"}],"curies":[{"name":"wp","href":"https:\/\/api.w.org\/{rel}","templated":true}]}}