{"id":51,"date":"2024-06-07T10:17:35","date_gmt":"2024-06-07T08:17:35","guid":{"rendered":"http:\/\/atkana.com\/?page_id=51"},"modified":"2024-06-07T10:33:42","modified_gmt":"2024-06-07T08:33:42","slug":"simplimaint","status":"publish","type":"page","link":"https:\/\/atkana.com\/index.php\/simplimaint\/","title":{"rendered":"SimpliMaint gmao"},"content":{"rendered":"\n<p>SimpliMaint est notre solution GMAO (Gestion de Maintenance Assist\u00e9e par Ordinateur) innovante con\u00e7ue pour optimiser la gestion de maintenance des installations. Gr\u00e2ce \u00e0 SimpliMaint, simplifiez vos op\u00e9rations, automatisez la maintenance pr\u00e9ventive et suivez efficacement les interventions correctives. Rejoignez-nous pour transformer la gestion de votre maintenance avec des outils intelligents et efficaces.<\/p>\n\n\n\n<p><a href=\"https:\/\/simplimaint.tech\" data-type=\"link\" data-id=\"https:\/\/simplimaint.tech\">SimpliMaint<\/a><\/p>\n","protected":false},"excerpt":{"rendered":"<p>SimpliMaint est notre solution GMAO (Gestion de Maintenance Assist\u00e9e par Ordinateur) innovante con\u00e7ue pour optimiser la gestion de maintenance des installations. Gr\u00e2ce \u00e0 SimpliMaint, simplifiez vos op\u00e9rations, automatisez la maintenance pr\u00e9ventive et suivez efficacement les interventions correctives. Rejoignez-nous pour transformer la gestion de votre maintenance avec des outils intelligents et efficaces. SimpliMaint<\/p>\n","protected":false},"author":1,"featured_media":0,"parent":0,"menu_order":0,"comment_status":"closed","ping_status":"closed","template":"","meta":{"footnotes":""},"_links":{"self":[{"href":"https:\/\/atkana.com\/index.php\/wp-json\/wp\/v2\/pages\/51"}],"collection":[{"href":"https:\/\/atkana.com\/index.php\/wp-json\/wp\/v2\/pages"}],"about":[{"href":"https:\/\/atkana.com\/index.php\/wp-json\/wp\/v2\/types\/page"}],"author":[{"embeddable":true,"href":"https:\/\/atkana.com\/index.php\/wp-json\/wp\/v2\/users\/1"}],"replies":[{"embeddable":true,"href":"https:\/\/atkana.com\/index.php\/wp-json\/wp\/v2\/comments?post=51"}],"version-history":[{"count":4,"href":"https:\/\/atkana.com\/index.php\/wp-json\/wp\/v2\/pages\/51\/revisions"}],"predecessor-version":[{"id":59,"href":"https:\/\/atkana.com\/index.php\/wp-json\/wp\/v2\/pages\/51\/revisions\/59"}],"wp:attachment":[{"href":"https:\/\/atkana.com\/index.php\/wp-json\/wp\/v2\/media?parent=51"}],"curies":[{"name":"wp","href":"https:\/\/api.w.org\/{rel}","templated":true}]}}